{"id":151,"date":"2023-06-25T20:35:38","date_gmt":"2023-06-25T18:35:38","guid":{"rendered":"http:\/\/swapriders.es\/it\/?page_id=151"},"modified":"2023-12-29T14:09:44","modified_gmt":"2023-12-29T13:09:44","slug":"avviso-legale","status":"publish","type":"page","link":"https:\/\/swapriders.es\/it\/avviso-legale\/","title":{"rendered":"Avviso legale"},"content":{"rendered":"\n<p>Il presente portale Internet (di seguito, \u201cil Portale\u201d) \u00e8 di propriet\u00e0 di: F\u00e1bricas Agrupadas de Mu\u00f1ecas de Onil, S.A.U. (di seguito, \u201cFamosa\u201d).<\/p>\n\n\n\n<p>Sede legale: C\/ del Franco s\/n, Pol\u00edgono Industrial \u201cLas Atalayas\u201d, 03114 Alicante.<br>Dati di registrazione: Registro delle Imprese di Alicante, Volume 3478, Foglio 47, Pagina A -103.414<br>Numero di identificazione fiscale (NIF): A-84392596<\/p>\n\n\n\n<h3 class=\"wp-block-heading\">Propriet\u00e0 intellettuale e industriale<\/h3>\n\n\n\n<p>Tutti i contenuti del Portale, intesi come, a titolo puramente esemplificativo, testi, fotografie, grafica, immagini, loghi, marchi, icone, tecnologia, software, collegamenti e altri contenuti, audiovisivi, sonori o di qualsiasi altro tipo, nonch\u00e9 il relativo design grafico e i codici sorgente (di seguito, i \u201cContenuti\u201d), sono propriet\u00e0 intellettuale e\/o industriale di Famosa o di terzi, essendo Famosa in quest&#8217;ultimo caso licenziatario autorizzato. Nessun diritto, sfruttamento o altro sui Contenuti sar\u00e0 inteso come trasferito alle persone che possono accedere al Portale o ai contenuti (di seguito, l\u2019\u201cUtente\u201d) oltre quanto strettamente necessario per il corretto utilizzo del Portale. I marchi, nomi commerciali o segni distintivi sono di propriet\u00e0 di Famosa o di terzi, rispetto ai quali Famosa \u00e8 licenziataria autorizzata, senza che possa intendersi che l&#8217;accesso al Portale conferisca alcun diritto sui suddetti marchi, nomi commerciali e\/o segni distintivi.<\/p>\n\n\n\n<h3 class=\"wp-block-heading\">Norme di utilizzo del Portale<\/h3>\n\n\n\n<p>La navigazione sul Portale attribuisce lo status di Utente dello stesso e implica l&#8217;accettazione piena e senza riserve di tutte le disposizioni contenute nel presente Avviso legale, che pu\u00f2 subire modifiche.<br>L&#8217;Utente del Portale si impegna a utilizzare il Portale e i Contenuti in conformit\u00e0 con la Legge e il presente Avviso legale, nonch\u00e9 con le altre condizioni, regolamenti e istruzioni eventualmente applicabili. A carattere puramente illustrativo, \u00e8 totalmente vietato all&#8217;Utente riprodurre, copiare, distribuire, mettere a disposizione di terzi, comunicare pubblicamente, trasformare o modificare i Contenuti, salvo nei casi autorizzati dalla legge o espressamente autorizzati da Famosa o da chi detiene il diritto di propriet\u00e0 dei diritti di sfruttamento, se del caso. L&#8217;accesso al Portale non implica l&#8217;obbligo da parte di Famosa di controllare l&#8217;assenza di virus o di qualsiasi altro elemento informatico dannoso. L&#8217;Utente \u00e8 responsabile, in ogni caso, della disponibilit\u00e0 di strumenti adeguati per l&#8217;individuazione e la disinfezione di programmi informatici dannosi. Famosa non \u00e8 responsabile per eventuali danni causati alle apparecchiature informatiche degli Utenti o di terzi durante la fornitura del servizio del Portale.<\/p>\n\n\n\n<h3 class=\"wp-block-heading\">Collegamenti<\/h3>\n\n\n\n<p>Nel caso in cui il Portale includa dispositivi tecnici di collegamento, directory e anche strumenti di ricerca che consentono all&#8217;Utente di accedere ad altre pagine e portali Internet (di seguito, \u201cSiti collegati\u201d), e a condizione che detti Siti collegati non corrispondano a pagine di siti Web anch&#8217;essi di propriet\u00e0 di Famosa (che sar\u00e0 espressamente riportato nelle corrispondenti \u201cnote legali\u201d o \u201cnorme di utilizzo\u201d pubblicate su detti Siti collegati di propriet\u00e0 di FAMOSA), si applicheranno le disposizioni di seguito stabilite.<\/p>\n\n\n\n<p>In relazione ai Siti collegati, Famosa non sar\u00e0 responsabile dei contenuti e dei servizi forniti sui Siti collegati. FAMOSA non conosce i contenuti e i servizi dei Siti collegati e, pertanto, non \u00e8 responsabile dei danni causati dall&#8217;illegalit\u00e0, qualit\u00e0, obsolescenza, indisponibilit\u00e0, errore e inutilit\u00e0 dei contenuti e\/o dei servizi dei Siti collegati o di qualsiasi altro danno che non sia direttamente attribuibile a Famosa.<\/p>\n\n\n\n<p>In nessun caso l&#8217;esistenza di Siti collegati dovrebbe far presupporre l&#8217;esistenza di accordi con i responsabili o i proprietari degli stessi, n\u00e9 la raccomandazione, promozione o identificazione di Famosa con le dichiarazioni, i contenuti o i servizi forniti sui Siti collegati.<\/p>\n\n\n\n<p>Nel caso in cui l&#8217;Utente o qualsiasi altro utente di Internet venga a conoscenza che i Siti collegati rimandano a pagine i cui contenuti o servizi sono illeciti, dannosi, degradanti, violenti o contrari alla moralit\u00e0, pu\u00f2 contattare Famosa indicando le seguenti informazioni:<\/p>\n\n\n\n<p>Dati personali del comunicante: nome, indirizzo, numero di telefono e indirizzo e-mail;<\/p>\n\n\n\n<p>Descrizione dei fatti che rivelano la natura illecita o inappropriata del Sito collegato;<\/p>\n\n\n\n<p>In caso di violazione di diritti, quali quelli di propriet\u00e0 intellettuale e industriale, non saranno conservati i dati personali del titolare del diritto violato, quando questi sia persona diversa dal comunicante. Allo stesso modo, \u00e8 necessario fornire il titolo che accrediti la legittimit\u00e0 del titolare dei diritti ed, eventualmente, quello di rappresentanza ad agire per conto del titolare quando questi sia persona diversa dal comunicante;<\/p>\n\n\n\n<p>Dichiarazione esplicita che le informazioni contenute nel reclamo sono accurate.<\/p>\n\n\n\n<p>La ricezione da parte di Famosa della comunicazione prevista nella presente clausola non implicher\u00e0 l&#8217;effettiva conoscenza delle attivit\u00e0 e\/o dei contenuti indicati dal comunicante.<\/p>\n\n\n\n<h3 class=\"wp-block-heading\">Legislazione<\/h3>\n\n\n\n<p>Il presente Avviso legale \u00e8 disciplinato in tutti i suoi estremi dalla legislazione spagnola.<\/p>\n","protected":false},"excerpt":{"rendered":"<p>Il presente portale Internet (di seguito, \u201cil Portale\u201d) \u00e8 di propriet\u00e0 di: F\u00e1bricas Agrupadas de Mu\u00f1ecas de Onil, S.A.U. (di seguito, \u201cFamosa\u201d). Sede legale: C\/ del Franco s\/n, Pol\u00edgono Industrial \u201cLas Atalayas\u201d, 03114 Alicante.Dati di registrazione: Registro delle Imprese di Alicante, Volume 3478, Foglio 47, Pagina A -103.414Numero di identificazione fiscale (NIF): A-84392596 Propriet\u00e0 intellettuale [&hellip;]<\/p>\n","protected":false},"author":1,"featured_media":0,"parent":0,"menu_order":2,"comment_status":"closed","ping_status":"closed","template":"","meta":{"footnotes":""},"class_list":["post-151","page","type-page","status-publish","hentry"],"acf":[],"yoast_head":"<!-- This site is optimized with the Yoast SEO plugin v20.13 - https:\/\/yoast.com\/wordpress\/plugins\/seo\/ -->\n<title>Avviso legale - Swap Riders IT<\/title>\n<meta name=\"robots\" content=\"index, follow, max-snippet:-1, max-image-preview:large, max-video-preview:-1\" \/>\n<link rel=\"canonical\" href=\"https:\/\/swapriders.es\/it\/avviso-legale\/\" \/>\n<meta property=\"og:locale\" content=\"it_IT\" \/>\n<meta property=\"og:type\" content=\"article\" \/>\n<meta property=\"og:title\" content=\"Avviso legale - Swap Riders IT\" \/>\n<meta property=\"og:description\" content=\"Il presente portale Internet (di seguito, \u201cil Portale\u201d) \u00e8 di propriet\u00e0 di: F\u00e1bricas Agrupadas de Mu\u00f1ecas de Onil, S.A.U. (di seguito, \u201cFamosa\u201d). Sede legale: C\/ del Franco s\/n, Pol\u00edgono Industrial \u201cLas Atalayas\u201d, 03114 Alicante.Dati di registrazione: Registro delle Imprese di Alicante, Volume 3478, Foglio 47, Pagina A -103.414Numero di identificazione fiscale (NIF): A-84392596 Propriet\u00e0 intellettuale [&hellip;]\" \/>\n<meta property=\"og:url\" content=\"https:\/\/swapriders.es\/it\/avviso-legale\/\" \/>\n<meta property=\"og:site_name\" content=\"Swap Riders IT\" \/>\n<meta property=\"article:modified_time\" content=\"2023-12-29T13:09:44+00:00\" \/>\n<meta name=\"twitter:card\" content=\"summary_large_image\" \/>\n<meta name=\"twitter:label1\" content=\"Tempo di lettura stimato\" \/>\n\t<meta name=\"twitter:data1\" content=\"4 minuti\" \/>\n<script type=\"application\/ld+json\" class=\"yoast-schema-graph\">{\"@context\":\"https:\/\/schema.org\",\"@graph\":[{\"@type\":\"WebPage\",\"@id\":\"https:\/\/swapriders.es\/it\/avviso-legale\/\",\"url\":\"https:\/\/swapriders.es\/it\/avviso-legale\/\",\"name\":\"Avviso legale - Swap Riders IT\",\"isPartOf\":{\"@id\":\"https:\/\/swapriders.es\/it\/#website\"},\"datePublished\":\"2023-06-25T18:35:38+00:00\",\"dateModified\":\"2023-12-29T13:09:44+00:00\",\"breadcrumb\":{\"@id\":\"https:\/\/swapriders.es\/it\/avviso-legale\/#breadcrumb\"},\"inLanguage\":\"it-IT\",\"potentialAction\":[{\"@type\":\"ReadAction\",\"target\":[\"https:\/\/swapriders.es\/it\/avviso-legale\/\"]}]},{\"@type\":\"BreadcrumbList\",\"@id\":\"https:\/\/swapriders.es\/it\/avviso-legale\/#breadcrumb\",\"itemListElement\":[{\"@type\":\"ListItem\",\"position\":1,\"name\":\"Portada\",\"item\":\"https:\/\/swapriders.es\/it\/\"},{\"@type\":\"ListItem\",\"position\":2,\"name\":\"Avviso legale\"}]},{\"@type\":\"WebSite\",\"@id\":\"https:\/\/swapriders.es\/it\/#website\",\"url\":\"https:\/\/swapriders.es\/it\/\",\"name\":\"Swap Riders IT\",\"description\":\"Los Swap Riders est\u00e1n siempre listos para la carrera porque no necesitan pilas, as\u00ed que puedes preparar carreras bestiales con todos los Swap Riders en cualquier momento y lugar. \u00bfQui\u00e9n ganar\u00e1 la carrera?\",\"publisher\":{\"@id\":\"https:\/\/swapriders.es\/it\/#organization\"},\"potentialAction\":[{\"@type\":\"SearchAction\",\"target\":{\"@type\":\"EntryPoint\",\"urlTemplate\":\"https:\/\/swapriders.es\/it\/?s={search_term_string}\"},\"query-input\":\"required name=search_term_string\"}],\"inLanguage\":\"it-IT\"},{\"@type\":\"Organization\",\"@id\":\"https:\/\/swapriders.es\/it\/#organization\",\"name\":\"Swap Riders IT\",\"url\":\"https:\/\/swapriders.es\/it\/\",\"logo\":{\"@type\":\"ImageObject\",\"inLanguage\":\"it-IT\",\"@id\":\"https:\/\/swapriders.es\/it\/#\/schema\/logo\/image\/\",\"url\":\"https:\/\/swapriders.es\/it\/wp-content\/uploads\/sites\/4\/2023\/06\/cropped-favicon.png\",\"contentUrl\":\"https:\/\/swapriders.es\/it\/wp-content\/uploads\/sites\/4\/2023\/06\/cropped-favicon.png\",\"width\":256,\"height\":256,\"caption\":\"Swap Riders IT\"},\"image\":{\"@id\":\"https:\/\/swapriders.es\/it\/#\/schema\/logo\/image\/\"}}]}<\/script>\n<!-- \/ Yoast SEO plugin. -->","yoast_head_json":{"title":"Avviso legale - Swap Riders IT","robots":{"index":"index","follow":"follow","max-snippet":"max-snippet:-1","max-image-preview":"max-image-preview:large","max-video-preview":"max-video-preview:-1"},"canonical":"https:\/\/swapriders.es\/it\/avviso-legale\/","og_locale":"it_IT","og_type":"article","og_title":"Avviso legale - Swap Riders IT","og_description":"Il presente portale Internet (di seguito, \u201cil Portale\u201d) \u00e8 di propriet\u00e0 di: F\u00e1bricas Agrupadas de Mu\u00f1ecas de Onil, S.A.U. (di seguito, \u201cFamosa\u201d). Sede legale: C\/ del Franco s\/n, Pol\u00edgono Industrial \u201cLas Atalayas\u201d, 03114 Alicante.Dati di registrazione: Registro delle Imprese di Alicante, Volume 3478, Foglio 47, Pagina A -103.414Numero di identificazione fiscale (NIF): A-84392596 Propriet\u00e0 intellettuale [&hellip;]","og_url":"https:\/\/swapriders.es\/it\/avviso-legale\/","og_site_name":"Swap Riders IT","article_modified_time":"2023-12-29T13:09:44+00:00","twitter_card":"summary_large_image","twitter_misc":{"Tempo di lettura stimato":"4 minuti"},"schema":{"@context":"https:\/\/schema.org","@graph":[{"@type":"WebPage","@id":"https:\/\/swapriders.es\/it\/avviso-legale\/","url":"https:\/\/swapriders.es\/it\/avviso-legale\/","name":"Avviso legale - Swap Riders IT","isPartOf":{"@id":"https:\/\/swapriders.es\/it\/#website"},"datePublished":"2023-06-25T18:35:38+00:00","dateModified":"2023-12-29T13:09:44+00:00","breadcrumb":{"@id":"https:\/\/swapriders.es\/it\/avviso-legale\/#breadcrumb"},"inLanguage":"it-IT","potentialAction":[{"@type":"ReadAction","target":["https:\/\/swapriders.es\/it\/avviso-legale\/"]}]},{"@type":"BreadcrumbList","@id":"https:\/\/swapriders.es\/it\/avviso-legale\/#breadcrumb","itemListElement":[{"@type":"ListItem","position":1,"name":"Portada","item":"https:\/\/swapriders.es\/it\/"},{"@type":"ListItem","position":2,"name":"Avviso legale"}]},{"@type":"WebSite","@id":"https:\/\/swapriders.es\/it\/#website","url":"https:\/\/swapriders.es\/it\/","name":"Swap Riders IT","description":"Los Swap Riders est\u00e1n siempre listos para la carrera porque no necesitan pilas, as\u00ed que puedes preparar carreras bestiales con todos los Swap Riders en cualquier momento y lugar. \u00bfQui\u00e9n ganar\u00e1 la carrera?","publisher":{"@id":"https:\/\/swapriders.es\/it\/#organization"},"potentialAction":[{"@type":"SearchAction","target":{"@type":"EntryPoint","urlTemplate":"https:\/\/swapriders.es\/it\/?s={search_term_string}"},"query-input":"required name=search_term_string"}],"inLanguage":"it-IT"},{"@type":"Organization","@id":"https:\/\/swapriders.es\/it\/#organization","name":"Swap Riders IT","url":"https:\/\/swapriders.es\/it\/","logo":{"@type":"ImageObject","inLanguage":"it-IT","@id":"https:\/\/swapriders.es\/it\/#\/schema\/logo\/image\/","url":"https:\/\/swapriders.es\/it\/wp-content\/uploads\/sites\/4\/2023\/06\/cropped-favicon.png","contentUrl":"https:\/\/swapriders.es\/it\/wp-content\/uploads\/sites\/4\/2023\/06\/cropped-favicon.png","width":256,"height":256,"caption":"Swap Riders IT"},"image":{"@id":"https:\/\/swapriders.es\/it\/#\/schema\/logo\/image\/"}}]}},"_links":{"self":[{"href":"https:\/\/swapriders.es\/it\/wp-json\/wp\/v2\/pages\/151"}],"collection":[{"href":"https:\/\/swapriders.es\/it\/wp-json\/wp\/v2\/pages"}],"about":[{"href":"https:\/\/swapriders.es\/it\/wp-json\/wp\/v2\/types\/page"}],"author":[{"embeddable":true,"href":"https:\/\/swapriders.es\/it\/wp-json\/wp\/v2\/users\/1"}],"replies":[{"embeddable":true,"href":"https:\/\/swapriders.es\/it\/wp-json\/wp\/v2\/comments?post=151"}],"version-history":[{"count":5,"href":"https:\/\/swapriders.es\/it\/wp-json\/wp\/v2\/pages\/151\/revisions"}],"predecessor-version":[{"id":358,"href":"https:\/\/swapriders.es\/it\/wp-json\/wp\/v2\/pages\/151\/revisions\/358"}],"wp:attachment":[{"href":"https:\/\/swapriders.es\/it\/wp-json\/wp\/v2\/media?parent=151"}],"curies":[{"name":"wp","href":"https:\/\/api.w.org\/{rel}","templated":true}]}}