{"id":2,"date":"2023-06-25T10:43:44","date_gmt":"2023-06-25T08:43:44","guid":{"rendered":"http:\/\/swapriders.es\/it\/?page_id=2"},"modified":"2023-12-29T19:40:27","modified_gmt":"2023-12-29T18:40:27","slug":"politica-sulla-privacy","status":"publish","type":"page","link":"https:\/\/swapriders.es\/it\/politica-sulla-privacy\/","title":{"rendered":"Politica sulla privacy"},"content":{"rendered":"\n<p><strong>1 IDENTIFICAZIONE<\/strong><\/p>\n\n\n\n<p>Titolo: F\u00c1BRICAS AGRUPADAS DE MU\u00d1ECAS DE ONIL, S.A. (di seguito, \u201cFAMOSA\u201d).<\/p>\n\n\n\n<p>NIF: A-84392596<\/p>\n\n\n\n<p>Sede legale: PI Las Atalayas, C\/ Del Franco, s\/n, 03114 Alicante.<\/p>\n\n\n\n<p><strong>2 INFORMATIVA E CONSENSO.<\/strong><\/p>\n\n\n\n<p>Attraverso la presente Informativa sulla privacy, l&#8217;utente \u00e8 informato e fornisce il suo consenso libero, informato, specifico e inequivocabile affinch\u00e9 i dati personali che fornisce attraverso la pagina Web situata all&#8217;URL <a href=\"http:\/\/www.swapriders.es\">www.swapriders.es<\/a> (di seguito, il &#8220;Sito Web&#8221;) siano trattati da FAMOSA, cos\u00ec come i dati derivati \u200b\u200bdalla sua navigazione e qualsiasi altro dato che potrebbe fornire a FAMOSA in futuro.<\/p>\n\n\n\n<p>L&#8217;utente \u00e8 tenuto a leggere attentamente la presente Politica sulla privacy, che \u00e8 stata redatta in modo chiaro e semplice, per facilitarne la comprensione, determinando liberamente e volontariamente se desidera fornire i propri dati personali a FAMOSA.<\/p>\n\n\n\n<p><strong>3 OBBLIGATORIET\u00c0 DI FORNITURA DEI DATI.<\/strong><\/p>\n\n\n\n<p>I dati richiesti nei moduli del Sito Web hanno carattere generale, sono obbligatori (se non diversamente specificato nel campo richiesto) per ottemperare alle finalit\u00e0 stabilite.<br>Pertanto, se tali dati non vengono forniti del tutto o non correttamente, non potranno essere soddisfatte queste finalit\u00e0, ferma restando la possibilit\u00e0 di visualizzare liberamente i contenuti del Sito Web.<\/p>\n\n\n\n<p>4 CON QUALE FINALIT\u00c0 FAMOSA TRATTER\u00c0 I DATI PERSONALI DELL\u2019UTENTE E PER QUANTO TEMPO?<\/p>\n\n\n\n<p>I dati personali forniti tramite il Sito Web saranno trattati da FAMOSA in conformit\u00e0 con le seguenti finalit\u00e0:<\/p>\n\n\n\n<p>Gestire le richieste di contatto e informazioni dell\u2019utente tramite i canali predisposti a tale scopo nei siti Web di FAMOSA.<br>Gestire le richieste di pezzi di ricambio effettuate dai consumatori e dagli utenti dei prodotti di FAMOSA tramite i canali predisposti a tale scopo nei siti Web di FAMOSA.<br>Gestire la partecipazione degli utenti a promozioni, estrazioni, concorsi e altre attivit\u00e0 promozionali eventualmente realizzate da FAMOSA tramite i siti Web di FAMOSA.<br>Gestire l\u2019invio di comunicazioni commerciali di FAMOSA, nel caso in cui l\u2019utente accetti l\u2019invio di comunicazioni commerciali e a meno che l\u2019utente non richieda il recesso da FAMOSA, opponendosi o revocando il proprio consenso.<\/p>\n\n\n\n<p><strong>5 QUALI DATI DELL\u2019UTENTE TRATTER\u00c0 FAMOSA?<\/strong><\/p>\n\n\n\n<p>FAMOSA tratter\u00e0 le seguenti categorie di dati dell\u2019utente:<br>Dati identificativi: nome e cognome.<br>Dati di contatto: indirizzo di posta elettronica, telefono e paese.<br>Altri dati: dati forniti dagli stessi interessati nei campi aperti dei moduli predisposti nel Sito Web o nei documenti allegati.<br>Dati di navigazione.<br>Nel caso in cui l\u2019utente fornisca dati di terze parti, dichiara di avere il loro consenso e si impegna a trasferire le informazioni contenute nella Politica sulla privacy, esonerando FAMOSA da qualsiasi responsabilit\u00e0 al riguardo. Ciononostante, FAMOSA potr\u00e0 effettuare verifiche periodiche al fine di verificare questo fatto, adottando le opportune misure di due diligence, in conformit\u00e0 con la normativa sulla protezione dei dati.<\/p>\n\n\n\n<p><strong>6 QUAL \u00c8 LA LEGITTIMIT\u00c0 DEL TRATTAMENTO DEI DATI DELL\u2019UTENTE?<\/strong><\/p>\n\n\n\n<p>Il trattamento dei dati dell\u2019utente da parte di FAMOSA si basa sul consenso richiesto e revocabile in qualsiasi momento, oppure sulla sua necessit\u00e0 di ottemperare agli obblighi di FAMOSA derivanti dalle richieste stesse (ad esempio, richieste di pezzi di ricambio, invio di reclami o suggerimenti, ecc.) o partecipazione (gestione della partecipazione degli utenti e delle promozioni organizzate da FAMOSA, ecc.) degli utenti. Ciononostante, in caso di revoca del consenso, ci\u00f2 non influir\u00e0 sulla legittimit\u00e0 dei trattamenti effettuati in precedenza.<\/p>\n\n\n\n<p>I consensi ottenuti per le finalit\u00e0 menzionate sono indipendenti, per cui l\u2019utente potr\u00e0 revocarne solo uno senza che ci\u00f2 influisca sugli altri.<\/p>\n\n\n\n<p>Al fine di revocare tale consenso, l\u2019Utente potr\u00e0 contattare FAMOSA tramite i seguenti canali:<\/p>\n\n\n\n<p>Tramite posta all\u2019attenzione del Dpt. Jur\u00eddico y de Protecci\u00f3n de Datos, all\u2019indirizzo C\/ Mar\u00eda Tubau, 3, 28050, Madrid.<br>Tramite posta elettronica all\u2019indirizzo protecciondatos@famosa.es<\/p>\n\n\n\n<p><strong>7 CON QUALI DESTINATARI SARANNO CONDIVISI I DATI DELL\u2019UTENTE?<\/strong><\/p>\n\n\n\n<p>I dati dell\u2019utente non saranno comunicati a terze parti, se non al fine di adempiere all\u2019obbligo legale di FAMOSA di fornire i dati alle pubbliche autorit\u00e0, alle forze ed organi di sicurezza e agli organismi giudiziari o tribunali.<\/p>\n\n\n\n<p><strong>8 RESPONSABILIT\u00c0 DELL\u2019UTENTE.<\/strong><\/p>\n\n\n\n<p>El usuario:<\/p>\n\n\n\n<ul class=\"wp-block-list\">\n<li>Garantisce di avere un\u2019et\u00e0 maggiore di diciotto (18) anni e che i dati che fornisce a FAMOSA sono veritieri, esatti, completi e aggiornati. A tal fine, l&#8217;utente \u00e8 responsabile della veridicit\u00e0 di tutti i dati che comunica e manterr\u00e0 le informazioni fornite adeguatamente aggiornate, in modo tale che corrispondano alla sua situazione reale..<\/li>\n\n\n\n<li>Garantisce di aver informato le terze parti di cui fornisca i dati, nel caso in cui ci\u00f2 avvenga, degli aspetti contenuti nel presente documento. Garantisce altres\u00ec di aver ottenuto la loro autorizzazione a fornire i loro dati a FAMOSA per le finalit\u00e0 indicate..<\/li>\n\n\n\n<li>Sar\u00e0 responsabile di eventuali informazioni false o inesatte fornite tramite il Sito Web o dei danni e perdite, diretti o indiretti, che ci\u00f2 potrebbe causare a FAMOSA o a terze parti<\/li>\n<\/ul>\n\n\n\n<p><strong>9 COMUNICAZIONI COMMERCIALI E PROMOZIONALI.<\/strong><\/p>\n\n\n\n<p>Una delle finalit\u00e0 per cui, se del caso, FAMOSA tratta i dati personali forniti dagli utenti \u00e8 inviare loro comunicazioni elettroniche con informazioni riguardanti i propri prodotti, servizi, promozioni, offerte, eventi o notizie rilevanti per gli utenti. Ogniqualvolta venga effettuata una comunicazione di questo tipo, sar\u00e0 rivolta solo ed esclusivamente a quegli utenti che abbiano preventivamente espresso il proprio consenso a riceverle.<\/p>\n\n\n\n<p>Nel caso in cui l&#8217;utente desideri interrompere la ricezione di comunicazioni commerciali o promozionali da FAMOSA, pu\u00f2 richiedere di annullare l&#8217;iscrizione al servizio inviando un&#8217;e-mail al seguente indirizzo di posta elettronica: protecciondatos@famosa.es, o indicandolo tramite l&#8217;opzione di annullamento dell&#8217;iscrizione fornita in ciascuna delle comunicazioni commerciali inviate.<\/p>\n\n\n\n<p><strong>10 ESERCIZIO DEI DIRITTI.<\/strong><\/p>\n\n\n\n<p>L&#8217;utente pu\u00f2 inviare una lettera a FAMOSA, tramite uno qualsiasi dei mezzi e degli indirizzi indicati nella Sezione 6 della presente Politica, allegando una fotocopia del proprio documento di identit\u00e0, in qualsiasi momento e gratuitamente, per:<\/p>\n\n\n\n<ul class=\"wp-block-list\">\n<li>Revocare le autorizzazioni concesse.<\/li>\n\n\n\n<li>Ottenere conferma del fatto che FAMOSA stia trattando dati personali riguardanti l\u2019utente o meno.<\/li>\n\n\n\n<li>Accedere ai propri dati personali.<\/li>\n\n\n\n<li>Rettificare dati inesatti o incompleti.<\/li>\n\n\n\n<li>Richiedere l\u2019eliminazione dei propri dati quando, tra gli altri motivi, i dati non siano pi\u00f9 necessari per le finalit\u00e0 per le quali erano stati acquisiti.<\/li>\n\n\n\n<li>Ottenere da FAMOSA la limitazione del trattamento dei dati quando siano soddisfatte alcune delle condizioni previste nella normativa per la protezione dei dati.<\/li>\n\n\n\n<li>Ottenere un intervento umano per esprimere il proprio punto di vista o contestare le decisioni automatizzate e adottate da parte di FAMOSA.<\/li>\n\n\n\n<li>Richiedere la portabilit\u00e0 dei propri dati.<\/li>\n<\/ul>\n\n\n\n<p>In ogni caso, e fermo restando quanto sopra, l\u2019utente pu\u00f2, in qualsiasi momento, presentare un reclamo in merito alla protezione dei propri dati personali dinanzi all&#8217;Agenzia spagnola per la protezione dei dati all&#8217;indirizzo Calle de Jorge Juan, 6, 28001 Madrid, quando l&#8217;interessato ritenga che FAMOSA abbia violato i diritti riconosciuti dalla normativa applicabile in materia di protezione dei dati..<\/p>\n\n\n\n<p><strong>11 MISURE DI SICUREZZA.<\/strong><\/p>\n\n\n\n<p>FAMOSA tratter\u00e0 i dati dell\u2019utente in ogni momento in modo assolutamente riservato e mantenendo l&#8217;obbligo imprescindibile di segretezza nei suoi confronti, in conformit\u00e0 con quanto previsto dalla normativa applicabile, adottando le misure tecniche e organizzative necessarie per garantire la sicurezza dei dati dell\u2019utente ed evitarne l&#8217;alterazione, la perdita, il trattamento o l&#8217;accesso non autorizzato, tenendo conto dello stato della tecnologia, della natura dei dati conservati e dei rischi a cui sono esposti.<\/p>\n\n\n\n<p><strong>COOKIE\u00a0<\/strong><\/p>\n\n\n\n<p>I cookie sono piccoli file di dati inviati all\u2019apparecchiatura o al dispositivo mobile dell\u2019utente quando visita un sito Web (\u201csito\u201d). I cookie vengono rinviati al sito di origine ad ogni visita successiva e ad altri siti che riconoscano tali cookie.<\/p>\n\n\n\n<p>I cookie sono utili poich\u00e9 consentono a un sito di riconoscere il dispositivo di un utente, permettendogli di navigare in modo efficiente tra le pagine e di ricordare le sue preferite migliorando in generale l\u2019esperienza dell\u2019utente.<\/p>\n\n\n\n<p>Alcuni dei cookie emessi dal server Web hanno unicamente la durata della sessione Web e scadono alla chiusura del browser.<\/p>\n\n\n\n<p>Altri cookie sono utilizzati per ricordare l\u2019utente quando ritorna su un sito e hanno una durata maggiore.<\/p>\n\n\n\n<p>La maggior parte dei browser Web accetta automaticamente i cookie. L\u2019utente pu\u00f2 modificare la configurazione del suo browser per evitarli o inviare una notifica ogni volta che viene creato un cookie.<\/p>\n\n\n\n<p>L\u2019utente pu\u00f2 ottenere maggiori informazioni sui cookie, incluso come vedere quali cookie sono stati creati sul suo dispositivo e come gestirli o eliminarli utilizzando diversi tipi di browser, sul sito www.allaboutcookies.org.<\/p>\n\n\n\n<p>La capacit\u00e0 di attivare, disattivare o eliminare cookie pu\u00f2 anche essere originata a livello di browser Web. A tal fine, si invita a seguire le istruzioni fornite dal browser (generalmente situate nelle opzioni \u201cAiuto\u201d, \u201cStrumenti\u201d o \u201cModifica\u201d). La disattivazione di un cookie o di una categoria di cookie non elimina il cookie stesso dal browser; per questo sar\u00e0 necessario eliminarli manualmente nel browser.<\/p>\n\n\n\n<p>Bloccando o eliminando i cookie utilizzati da FAMOSA, \u00e8 possibile che l\u2019utente non possa sfruttare al massimo le funzionalit\u00e0 della pagina Web.<\/p>\n\n\n\n<h3 class=\"wp-block-heading\">LEGISLAZIONE<\/h3>\n\n\n\n<p>La presente politica in materia di privacy e protezione dei dati personali si basa sulla legislazione spagnola.<\/p>\n","protected":false},"excerpt":{"rendered":"<p>1 IDENTIFICAZIONE Titolo: F\u00c1BRICAS AGRUPADAS DE MU\u00d1ECAS DE ONIL, S.A. (di seguito, \u201cFAMOSA\u201d). NIF: A-84392596 Sede legale: PI Las Atalayas, C\/ Del Franco, s\/n, 03114 Alicante. 2 INFORMATIVA E CONSENSO. Attraverso la presente Informativa sulla privacy, l&#8217;utente \u00e8 informato e fornisce il suo consenso libero, informato, specifico e inequivocabile affinch\u00e9 i dati personali che fornisce [&hellip;]<\/p>\n","protected":false},"author":1,"featured_media":0,"parent":0,"menu_order":4,"comment_status":"closed","ping_status":"closed","template":"","meta":{"footnotes":""},"class_list":["post-2","page","type-page","status-publish","hentry"],"acf":[],"yoast_head":"<!-- This site is optimized with the Yoast SEO plugin v20.13 - https:\/\/yoast.com\/wordpress\/plugins\/seo\/ -->\n<title>Politica sulla privacy - Swap Riders IT<\/title>\n<meta name=\"robots\" content=\"index, follow, max-snippet:-1, max-image-preview:large, max-video-preview:-1\" \/>\n<link rel=\"canonical\" href=\"https:\/\/swapriders.es\/it\/politica-sulla-privacy\/\" \/>\n<meta property=\"og:locale\" content=\"it_IT\" \/>\n<meta property=\"og:type\" content=\"article\" \/>\n<meta property=\"og:title\" content=\"Politica sulla privacy - Swap Riders IT\" \/>\n<meta property=\"og:description\" content=\"1 IDENTIFICAZIONE Titolo: F\u00c1BRICAS AGRUPADAS DE MU\u00d1ECAS DE ONIL, S.A. (di seguito, \u201cFAMOSA\u201d). NIF: A-84392596 Sede legale: PI Las Atalayas, C\/ Del Franco, s\/n, 03114 Alicante. 2 INFORMATIVA E CONSENSO. Attraverso la presente Informativa sulla privacy, l&#8217;utente \u00e8 informato e fornisce il suo consenso libero, informato, specifico e inequivocabile affinch\u00e9 i dati personali che fornisce [&hellip;]\" \/>\n<meta property=\"og:url\" content=\"https:\/\/swapriders.es\/it\/politica-sulla-privacy\/\" \/>\n<meta property=\"og:site_name\" content=\"Swap Riders IT\" \/>\n<meta property=\"article:modified_time\" content=\"2023-12-29T18:40:27+00:00\" \/>\n<meta name=\"twitter:card\" content=\"summary_large_image\" \/>\n<meta name=\"twitter:label1\" content=\"Tempo di lettura stimato\" \/>\n\t<meta name=\"twitter:data1\" content=\"8 minuti\" \/>\n<script type=\"application\/ld+json\" class=\"yoast-schema-graph\">{\"@context\":\"https:\/\/schema.org\",\"@graph\":[{\"@type\":\"WebPage\",\"@id\":\"https:\/\/swapriders.es\/it\/politica-sulla-privacy\/\",\"url\":\"https:\/\/swapriders.es\/it\/politica-sulla-privacy\/\",\"name\":\"Politica sulla privacy - Swap Riders IT\",\"isPartOf\":{\"@id\":\"https:\/\/swapriders.es\/it\/#website\"},\"datePublished\":\"2023-06-25T08:43:44+00:00\",\"dateModified\":\"2023-12-29T18:40:27+00:00\",\"breadcrumb\":{\"@id\":\"https:\/\/swapriders.es\/it\/politica-sulla-privacy\/#breadcrumb\"},\"inLanguage\":\"it-IT\",\"potentialAction\":[{\"@type\":\"ReadAction\",\"target\":[\"https:\/\/swapriders.es\/it\/politica-sulla-privacy\/\"]}]},{\"@type\":\"BreadcrumbList\",\"@id\":\"https:\/\/swapriders.es\/it\/politica-sulla-privacy\/#breadcrumb\",\"itemListElement\":[{\"@type\":\"ListItem\",\"position\":1,\"name\":\"Portada\",\"item\":\"https:\/\/swapriders.es\/it\/\"},{\"@type\":\"ListItem\",\"position\":2,\"name\":\"Politica sulla privacy\"}]},{\"@type\":\"WebSite\",\"@id\":\"https:\/\/swapriders.es\/it\/#website\",\"url\":\"https:\/\/swapriders.es\/it\/\",\"name\":\"Swap Riders IT\",\"description\":\"Los Swap Riders est\u00e1n siempre listos para la carrera porque no necesitan pilas, as\u00ed que puedes preparar carreras bestiales con todos los Swap Riders en cualquier momento y lugar. \u00bfQui\u00e9n ganar\u00e1 la carrera?\",\"publisher\":{\"@id\":\"https:\/\/swapriders.es\/it\/#organization\"},\"potentialAction\":[{\"@type\":\"SearchAction\",\"target\":{\"@type\":\"EntryPoint\",\"urlTemplate\":\"https:\/\/swapriders.es\/it\/?s={search_term_string}\"},\"query-input\":\"required name=search_term_string\"}],\"inLanguage\":\"it-IT\"},{\"@type\":\"Organization\",\"@id\":\"https:\/\/swapriders.es\/it\/#organization\",\"name\":\"Swap Riders IT\",\"url\":\"https:\/\/swapriders.es\/it\/\",\"logo\":{\"@type\":\"ImageObject\",\"inLanguage\":\"it-IT\",\"@id\":\"https:\/\/swapriders.es\/it\/#\/schema\/logo\/image\/\",\"url\":\"https:\/\/swapriders.es\/it\/wp-content\/uploads\/sites\/4\/2023\/06\/cropped-favicon.png\",\"contentUrl\":\"https:\/\/swapriders.es\/it\/wp-content\/uploads\/sites\/4\/2023\/06\/cropped-favicon.png\",\"width\":256,\"height\":256,\"caption\":\"Swap Riders IT\"},\"image\":{\"@id\":\"https:\/\/swapriders.es\/it\/#\/schema\/logo\/image\/\"}}]}<\/script>\n<!-- \/ Yoast SEO plugin. -->","yoast_head_json":{"title":"Politica sulla privacy - Swap Riders IT","robots":{"index":"index","follow":"follow","max-snippet":"max-snippet:-1","max-image-preview":"max-image-preview:large","max-video-preview":"max-video-preview:-1"},"canonical":"https:\/\/swapriders.es\/it\/politica-sulla-privacy\/","og_locale":"it_IT","og_type":"article","og_title":"Politica sulla privacy - Swap Riders IT","og_description":"1 IDENTIFICAZIONE Titolo: F\u00c1BRICAS AGRUPADAS DE MU\u00d1ECAS DE ONIL, S.A. (di seguito, \u201cFAMOSA\u201d). NIF: A-84392596 Sede legale: PI Las Atalayas, C\/ Del Franco, s\/n, 03114 Alicante. 2 INFORMATIVA E CONSENSO. Attraverso la presente Informativa sulla privacy, l&#8217;utente \u00e8 informato e fornisce il suo consenso libero, informato, specifico e inequivocabile affinch\u00e9 i dati personali che fornisce [&hellip;]","og_url":"https:\/\/swapriders.es\/it\/politica-sulla-privacy\/","og_site_name":"Swap Riders IT","article_modified_time":"2023-12-29T18:40:27+00:00","twitter_card":"summary_large_image","twitter_misc":{"Tempo di lettura stimato":"8 minuti"},"schema":{"@context":"https:\/\/schema.org","@graph":[{"@type":"WebPage","@id":"https:\/\/swapriders.es\/it\/politica-sulla-privacy\/","url":"https:\/\/swapriders.es\/it\/politica-sulla-privacy\/","name":"Politica sulla privacy - Swap Riders IT","isPartOf":{"@id":"https:\/\/swapriders.es\/it\/#website"},"datePublished":"2023-06-25T08:43:44+00:00","dateModified":"2023-12-29T18:40:27+00:00","breadcrumb":{"@id":"https:\/\/swapriders.es\/it\/politica-sulla-privacy\/#breadcrumb"},"inLanguage":"it-IT","potentialAction":[{"@type":"ReadAction","target":["https:\/\/swapriders.es\/it\/politica-sulla-privacy\/"]}]},{"@type":"BreadcrumbList","@id":"https:\/\/swapriders.es\/it\/politica-sulla-privacy\/#breadcrumb","itemListElement":[{"@type":"ListItem","position":1,"name":"Portada","item":"https:\/\/swapriders.es\/it\/"},{"@type":"ListItem","position":2,"name":"Politica sulla privacy"}]},{"@type":"WebSite","@id":"https:\/\/swapriders.es\/it\/#website","url":"https:\/\/swapriders.es\/it\/","name":"Swap Riders IT","description":"Los Swap Riders est\u00e1n siempre listos para la carrera porque no necesitan pilas, as\u00ed que puedes preparar carreras bestiales con todos los Swap Riders en cualquier momento y lugar. \u00bfQui\u00e9n ganar\u00e1 la carrera?","publisher":{"@id":"https:\/\/swapriders.es\/it\/#organization"},"potentialAction":[{"@type":"SearchAction","target":{"@type":"EntryPoint","urlTemplate":"https:\/\/swapriders.es\/it\/?s={search_term_string}"},"query-input":"required name=search_term_string"}],"inLanguage":"it-IT"},{"@type":"Organization","@id":"https:\/\/swapriders.es\/it\/#organization","name":"Swap Riders IT","url":"https:\/\/swapriders.es\/it\/","logo":{"@type":"ImageObject","inLanguage":"it-IT","@id":"https:\/\/swapriders.es\/it\/#\/schema\/logo\/image\/","url":"https:\/\/swapriders.es\/it\/wp-content\/uploads\/sites\/4\/2023\/06\/cropped-favicon.png","contentUrl":"https:\/\/swapriders.es\/it\/wp-content\/uploads\/sites\/4\/2023\/06\/cropped-favicon.png","width":256,"height":256,"caption":"Swap Riders IT"},"image":{"@id":"https:\/\/swapriders.es\/it\/#\/schema\/logo\/image\/"}}]}},"_links":{"self":[{"href":"https:\/\/swapriders.es\/it\/wp-json\/wp\/v2\/pages\/2"}],"collection":[{"href":"https:\/\/swapriders.es\/it\/wp-json\/wp\/v2\/pages"}],"about":[{"href":"https:\/\/swapriders.es\/it\/wp-json\/wp\/v2\/types\/page"}],"author":[{"embeddable":true,"href":"https:\/\/swapriders.es\/it\/wp-json\/wp\/v2\/users\/1"}],"replies":[{"embeddable":true,"href":"https:\/\/swapriders.es\/it\/wp-json\/wp\/v2\/comments?post=2"}],"version-history":[{"count":14,"href":"https:\/\/swapriders.es\/it\/wp-json\/wp\/v2\/pages\/2\/revisions"}],"predecessor-version":[{"id":371,"href":"https:\/\/swapriders.es\/it\/wp-json\/wp\/v2\/pages\/2\/revisions\/371"}],"wp:attachment":[{"href":"https:\/\/swapriders.es\/it\/wp-json\/wp\/v2\/media?parent=2"}],"curies":[{"name":"wp","href":"https:\/\/api.w.org\/{rel}","templated":true}]}}