{"id":153,"date":"2023-06-25T20:35:47","date_gmt":"2023-06-25T18:35:47","guid":{"rendered":"http:\/\/swapriders.es\/pt\/?page_id=153"},"modified":"2023-08-09T17:20:27","modified_gmt":"2023-08-09T15:20:27","slug":"politica-de-cookies","status":"publish","type":"page","link":"https:\/\/swapriders.es\/pt\/politica-de-cookies\/","title":{"rendered":"Informa\u00e7\u00e3o sobre Cookies"},"content":{"rendered":"\n<p>Informa\u00e7\u00e3o sobre Cookies.<br>Os cookies s\u00e3o pequenos ficheiros de informa\u00e7\u00e3o que s\u00e3o enviados para o seu computador ou dispositivo m\u00f3vel quando visita um s\u00edtio Web (&#8220;site&#8221;).<br>Os cookies s\u00e3o enviados de volta ao site de origem em cada visita subsequente ou a outro site que reconhe\u00e7a esse cookie.<br>Os cookies s\u00e3o \u00fateis porque permitem a um site reconhecer o dispositivo de um utilizador, permitindo-lhes navegar eficientemente atrav\u00e9s das p\u00e1ginas, lembrar as suas prefer\u00eancias e, em geral, melhorar a experi\u00eancia do utilizador.<br>Alguns dos cookies emitidos pelo servidor web duram apenas a dura\u00e7\u00e3o da sess\u00e3o web e expiram quando fecha o navegador.<br>Outros cookies s\u00e3o utilizados para recordar o utilizador quando este regressa a um site e t\u00eam uma vida \u00fatil mais longa.<br>A maioria dos navegadores aceita automaticamente os cookies.<br>[1}Pode alterar as defini\u00e7\u00f5es do seu navegador para evitar ou notificar sempre que um cookie \u00e9 criado.{2]<br>Pode saber mais sobre cookies, incluindo como ver que cookies foram colocados no seu dispositivo e como geri-los ou apag\u00e1-los utilizando diferentes tipos de navegadores, em: www.allaboutcookies.org.<br>A capacidade de ativar, desativar ou apagar cookies tamb\u00e9m pode ocorrer a n\u00edvel do navegador web.<br>Para isso, siga as instru\u00e7\u00f5es fornecidas pelo seu navegador (normalmente localizadas nas op\u00e7\u00f5es &#8220;Ajuda&#8221;, &#8220;Ferramentas&#8221; ou &#8220;Editar&#8221;).<br>Desativar um cookie ou uma categoria de cookies n\u00e3o elimina o cookie do navegador. Ter\u00e1 de o fazer manualmente no seu navegador.<br>Ao bloquear ou apagar cookies utilizados pela FAMOSA, poder\u00e1 n\u00e3o conseguir tirar o m\u00e1ximo partido das funcionalidades do s\u00edtio Web.<br>Legisla\u00e7\u00e3o<br>A presente pol\u00edtica de privacidade e prote\u00e7\u00e3o de dados pessoais \u00e9 regida pela lei espanhola.<\/p>\n","protected":false},"excerpt":{"rendered":"<p>Informa\u00e7\u00e3o sobre Cookies.Os cookies s\u00e3o pequenos ficheiros de informa\u00e7\u00e3o que s\u00e3o enviados para o seu computador ou dispositivo m\u00f3vel quando visita um s\u00edtio Web (&#8220;site&#8221;).Os cookies s\u00e3o enviados de volta ao site de origem em cada visita subsequente ou a outro site que reconhe\u00e7a esse cookie.Os cookies s\u00e3o \u00fateis porque permitem a um site reconhecer [&hellip;]<\/p>\n","protected":false},"author":1,"featured_media":0,"parent":0,"menu_order":1,"comment_status":"closed","ping_status":"closed","template":"","meta":{"footnotes":""},"class_list":["post-153","page","type-page","status-publish","hentry"],"acf":[],"yoast_head":"<!-- This site is optimized with the Yoast SEO plugin v20.13 - https:\/\/yoast.com\/wordpress\/plugins\/seo\/ -->\n<title>Informa\u00e7\u00e3o sobre Cookies - Swap Riders PT<\/title>\n<meta name=\"robots\" content=\"index, follow, max-snippet:-1, max-image-preview:large, max-video-preview:-1\" \/>\n<link rel=\"canonical\" href=\"https:\/\/swapriders.es\/pt\/politica-de-cookies\/\" \/>\n<meta property=\"og:locale\" content=\"pt_PT\" \/>\n<meta property=\"og:type\" content=\"article\" \/>\n<meta property=\"og:title\" content=\"Informa\u00e7\u00e3o sobre Cookies - Swap Riders PT\" \/>\n<meta property=\"og:description\" content=\"Informa\u00e7\u00e3o sobre Cookies.Os cookies s\u00e3o pequenos ficheiros de informa\u00e7\u00e3o que s\u00e3o enviados para o seu computador ou dispositivo m\u00f3vel quando visita um s\u00edtio Web (&#8220;site&#8221;).Os cookies s\u00e3o enviados de volta ao site de origem em cada visita subsequente ou a outro site que reconhe\u00e7a esse cookie.Os cookies s\u00e3o \u00fateis porque permitem a um site reconhecer [&hellip;]\" \/>\n<meta property=\"og:url\" content=\"https:\/\/swapriders.es\/pt\/politica-de-cookies\/\" \/>\n<meta property=\"og:site_name\" content=\"Swap Riders PT\" \/>\n<meta property=\"article:modified_time\" content=\"2023-08-09T15:20:27+00:00\" \/>\n<meta name=\"twitter:card\" content=\"summary_large_image\" \/>\n<meta name=\"twitter:label1\" content=\"Tempo estimado de leitura\" \/>\n\t<meta name=\"twitter:data1\" content=\"2 minutos\" \/>\n<script type=\"application\/ld+json\" class=\"yoast-schema-graph\">{\"@context\":\"https:\/\/schema.org\",\"@graph\":[{\"@type\":\"WebPage\",\"@id\":\"https:\/\/swapriders.es\/pt\/politica-de-cookies\/\",\"url\":\"https:\/\/swapriders.es\/pt\/politica-de-cookies\/\",\"name\":\"Informa\u00e7\u00e3o sobre Cookies - Swap Riders PT\",\"isPartOf\":{\"@id\":\"https:\/\/swapriders.es\/pt\/#website\"},\"datePublished\":\"2023-06-25T18:35:47+00:00\",\"dateModified\":\"2023-08-09T15:20:27+00:00\",\"breadcrumb\":{\"@id\":\"https:\/\/swapriders.es\/pt\/politica-de-cookies\/#breadcrumb\"},\"inLanguage\":\"pt-PT\",\"potentialAction\":[{\"@type\":\"ReadAction\",\"target\":[\"https:\/\/swapriders.es\/pt\/politica-de-cookies\/\"]}]},{\"@type\":\"BreadcrumbList\",\"@id\":\"https:\/\/swapriders.es\/pt\/politica-de-cookies\/#breadcrumb\",\"itemListElement\":[{\"@type\":\"ListItem\",\"position\":1,\"name\":\"Portada\",\"item\":\"https:\/\/swapriders.es\/pt\/\"},{\"@type\":\"ListItem\",\"position\":2,\"name\":\"Informa\u00e7\u00e3o sobre Cookies\"}]},{\"@type\":\"WebSite\",\"@id\":\"https:\/\/swapriders.es\/pt\/#website\",\"url\":\"https:\/\/swapriders.es\/pt\/\",\"name\":\"Swap Riders PT\",\"description\":\"Los Swap Riders est\u00e1n siempre listos para la carrera porque no necesitan pilas, as\u00ed que puedes preparar carreras bestiales con todos los Swap Riders en cualquier momento y lugar. \u00bfQui\u00e9n ganar\u00e1 la carrera?\",\"publisher\":{\"@id\":\"https:\/\/swapriders.es\/pt\/#organization\"},\"potentialAction\":[{\"@type\":\"SearchAction\",\"target\":{\"@type\":\"EntryPoint\",\"urlTemplate\":\"https:\/\/swapriders.es\/pt\/?s={search_term_string}\"},\"query-input\":\"required name=search_term_string\"}],\"inLanguage\":\"pt-PT\"},{\"@type\":\"Organization\",\"@id\":\"https:\/\/swapriders.es\/pt\/#organization\",\"name\":\"Swap Riders PT\",\"url\":\"https:\/\/swapriders.es\/pt\/\",\"logo\":{\"@type\":\"ImageObject\",\"inLanguage\":\"pt-PT\",\"@id\":\"https:\/\/swapriders.es\/pt\/#\/schema\/logo\/image\/\",\"url\":\"https:\/\/swapriders.es\/pt\/wp-content\/uploads\/sites\/3\/2023\/06\/cropped-favicon.png\",\"contentUrl\":\"https:\/\/swapriders.es\/pt\/wp-content\/uploads\/sites\/3\/2023\/06\/cropped-favicon.png\",\"width\":256,\"height\":256,\"caption\":\"Swap Riders PT\"},\"image\":{\"@id\":\"https:\/\/swapriders.es\/pt\/#\/schema\/logo\/image\/\"}}]}<\/script>\n<!-- \/ Yoast SEO plugin. -->","yoast_head_json":{"title":"Informa\u00e7\u00e3o sobre Cookies - Swap Riders PT","robots":{"index":"index","follow":"follow","max-snippet":"max-snippet:-1","max-image-preview":"max-image-preview:large","max-video-preview":"max-video-preview:-1"},"canonical":"https:\/\/swapriders.es\/pt\/politica-de-cookies\/","og_locale":"pt_PT","og_type":"article","og_title":"Informa\u00e7\u00e3o sobre Cookies - Swap Riders PT","og_description":"Informa\u00e7\u00e3o sobre Cookies.Os cookies s\u00e3o pequenos ficheiros de informa\u00e7\u00e3o que s\u00e3o enviados para o seu computador ou dispositivo m\u00f3vel quando visita um s\u00edtio Web (&#8220;site&#8221;).Os cookies s\u00e3o enviados de volta ao site de origem em cada visita subsequente ou a outro site que reconhe\u00e7a esse cookie.Os cookies s\u00e3o \u00fateis porque permitem a um site reconhecer [&hellip;]","og_url":"https:\/\/swapriders.es\/pt\/politica-de-cookies\/","og_site_name":"Swap Riders PT","article_modified_time":"2023-08-09T15:20:27+00:00","twitter_card":"summary_large_image","twitter_misc":{"Tempo estimado de leitura":"2 minutos"},"schema":{"@context":"https:\/\/schema.org","@graph":[{"@type":"WebPage","@id":"https:\/\/swapriders.es\/pt\/politica-de-cookies\/","url":"https:\/\/swapriders.es\/pt\/politica-de-cookies\/","name":"Informa\u00e7\u00e3o sobre Cookies - Swap Riders PT","isPartOf":{"@id":"https:\/\/swapriders.es\/pt\/#website"},"datePublished":"2023-06-25T18:35:47+00:00","dateModified":"2023-08-09T15:20:27+00:00","breadcrumb":{"@id":"https:\/\/swapriders.es\/pt\/politica-de-cookies\/#breadcrumb"},"inLanguage":"pt-PT","potentialAction":[{"@type":"ReadAction","target":["https:\/\/swapriders.es\/pt\/politica-de-cookies\/"]}]},{"@type":"BreadcrumbList","@id":"https:\/\/swapriders.es\/pt\/politica-de-cookies\/#breadcrumb","itemListElement":[{"@type":"ListItem","position":1,"name":"Portada","item":"https:\/\/swapriders.es\/pt\/"},{"@type":"ListItem","position":2,"name":"Informa\u00e7\u00e3o sobre Cookies"}]},{"@type":"WebSite","@id":"https:\/\/swapriders.es\/pt\/#website","url":"https:\/\/swapriders.es\/pt\/","name":"Swap Riders PT","description":"Los Swap Riders est\u00e1n siempre listos para la carrera porque no necesitan pilas, as\u00ed que puedes preparar carreras bestiales con todos los Swap Riders en cualquier momento y lugar. \u00bfQui\u00e9n ganar\u00e1 la carrera?","publisher":{"@id":"https:\/\/swapriders.es\/pt\/#organization"},"potentialAction":[{"@type":"SearchAction","target":{"@type":"EntryPoint","urlTemplate":"https:\/\/swapriders.es\/pt\/?s={search_term_string}"},"query-input":"required name=search_term_string"}],"inLanguage":"pt-PT"},{"@type":"Organization","@id":"https:\/\/swapriders.es\/pt\/#organization","name":"Swap Riders PT","url":"https:\/\/swapriders.es\/pt\/","logo":{"@type":"ImageObject","inLanguage":"pt-PT","@id":"https:\/\/swapriders.es\/pt\/#\/schema\/logo\/image\/","url":"https:\/\/swapriders.es\/pt\/wp-content\/uploads\/sites\/3\/2023\/06\/cropped-favicon.png","contentUrl":"https:\/\/swapriders.es\/pt\/wp-content\/uploads\/sites\/3\/2023\/06\/cropped-favicon.png","width":256,"height":256,"caption":"Swap Riders PT"},"image":{"@id":"https:\/\/swapriders.es\/pt\/#\/schema\/logo\/image\/"}}]}},"_links":{"self":[{"href":"https:\/\/swapriders.es\/pt\/wp-json\/wp\/v2\/pages\/153"}],"collection":[{"href":"https:\/\/swapriders.es\/pt\/wp-json\/wp\/v2\/pages"}],"about":[{"href":"https:\/\/swapriders.es\/pt\/wp-json\/wp\/v2\/types\/page"}],"author":[{"embeddable":true,"href":"https:\/\/swapriders.es\/pt\/wp-json\/wp\/v2\/users\/1"}],"replies":[{"embeddable":true,"href":"https:\/\/swapriders.es\/pt\/wp-json\/wp\/v2\/comments?post=153"}],"version-history":[{"count":3,"href":"https:\/\/swapriders.es\/pt\/wp-json\/wp\/v2\/pages\/153\/revisions"}],"predecessor-version":[{"id":369,"href":"https:\/\/swapriders.es\/pt\/wp-json\/wp\/v2\/pages\/153\/revisions\/369"}],"wp:attachment":[{"href":"https:\/\/swapriders.es\/pt\/wp-json\/wp\/v2\/media?parent=153"}],"curies":[{"name":"wp","href":"https:\/\/api.w.org\/{rel}","templated":true}]}}