{"id":2,"date":"2023-06-25T10:43:44","date_gmt":"2023-06-25T08:43:44","guid":{"rendered":"http:\/\/swapriders.es\/pt\/?page_id=2"},"modified":"2023-08-09T17:34:53","modified_gmt":"2023-08-09T15:34:53","slug":"politica-de-privacidad","status":"publish","type":"page","link":"https:\/\/swapriders.es\/pt\/politica-de-privacidad\/","title":{"rendered":"Pol\u00edtica de privacidade"},"content":{"rendered":"\n<p><strong>1 IDENTIFICA\u00c7\u00c3O<\/strong><\/p>\n\n\n\n<p>Nome: F\u00c1BRICAS AGRUPADAS DE MU\u00d1ECAS DE ONIL, S.A. (em seguida, &#8220;FAMOSA&#8221;).<br>NIF: A-84392596<br>Endere\u00e7o comercial: C\/ Del Franco s\/n, Pol\u00edgono Industrial &#8220;Las Atalayas&#8221;, 03114 Alicante.<br><strong>2 INFORMA\u00c7\u00c3O E CONSENTIMENTO<\/strong><\/p>\n\n\n\n<p>Atrav\u00e9s da presente Pol\u00edtica de Privacidade, o utilizador fica devidamente informado de que consente, de forma livre, espec\u00edfica e inequ\u00edvoca, que os seus dados pessoais que tenha facultado atrav\u00e9s do s\u00edtio web situado na URL www.famosa.es (doravante, o &#8220;s\u00edtio web&#8221;) sejam tratados pela FAMOSA, bem como os dados obtidos a partir dos seus h\u00e1bitos de navega\u00e7\u00e3o e quaisquer outros dados que possa facultar \u00e0 FAMOSA no futuro.<\/p>\n\n\n\n<p>Cada utilizador deve ler atentamente esta Pol\u00edtica de Privacidade que, para facilitar a sua compreens\u00e3o, foi redigida de forma clara e simples, decidindo livre e voluntariamente se deseja fornecer \u00e0 FAMOSA os seus dados pessoais.<\/p>\n\n\n\n<p>3 OBRIGA\u00c7\u00c3O DE FORNECER DADOS<\/p>\n\n\n\n<p>Os dados solicitados atrav\u00e9s de formul\u00e1rios neste site s\u00e3o, normalmente, obrigat\u00f3rios (exceto quando o campo onde os dados s\u00e3o solicitados indica o contr\u00e1rio), para cumprir a finalidade indicada.<\/p>\n\n\n\n<p>Assim, se esses dados n\u00e3o forem fornecidos ou forem fornecidos incorretamente, o pedido de informa\u00e7\u00e3o n\u00e3o ser\u00e1 atendido, sem preju\u00edzo de o utilizador poder visualizar livremente o conte\u00fado do nosso website.<\/p>\n\n\n\n<p><strong>4 QUAL \u00c9 A FINALIDADE DA FAMOSA NO TRATAMENTO DOS DADOS PESSOAIS DOS UTILIZADORES E DURANTE QUANTO TEMPO?<\/strong><\/p>\n\n\n\n<p>Os dados pessoais fornecidos atrav\u00e9s da Web ser\u00e3o tratados pela FAMOSA com as seguintes finalidades:<\/p>\n\n\n\n<p>Gerir os pedidos de contacto e informa\u00e7\u00e3o do utilizador atrav\u00e9s dos canais disponibilizados para o efeito nas p\u00e1ginas web da FAMOSA.<\/p>\n\n\n\n<p>Gerir os pedidos de pe\u00e7as de substitui\u00e7\u00e3o realizados pelos consumidores e utilizadores dos produtos FAMOSA atrav\u00e9s dos canais habilitados para o efeito nas p\u00e1ginas web da FAMOSA.<\/p>\n\n\n\n<p>Gerir a participa\u00e7\u00e3o dos utilizadores em promo\u00e7\u00f5es, sorteios, concursos e outras ac\u00e7\u00f5es promocionais que a FAMOSA possa levar a cabo atrav\u00e9s das p\u00e1ginas web da FAMOSA.<\/p>\n\n\n\n<p>Gerir o envio de comunica\u00e7\u00f5es comerciais de FAMOSA, no caso de que o utilizador concorde com o envio de comunica\u00e7\u00f5es comerciais e a menos que o utilizador solicite a FAMOSA o cancelamento da sua inscri\u00e7\u00e3o, opondo-se ou revogando o seu consentimento.<\/p>\n\n\n\n<p><strong>5 QUE DADOS DO UTILIZADOR SER\u00c3O TRATADOS POR FAMOSA?<\/strong><\/p>\n\n\n\n<p>FAMOSA tratar\u00e1 as seguintes categorias de dados do utilizador:<\/p>\n\n\n\n<p>Dados de identifica\u00e7\u00e3o: nome e apelido.<\/p>\n\n\n\n<p>Dados de contacto: endere\u00e7o de correio eletr\u00f3nico, n\u00famero de telefone e pa\u00eds.<\/p>\n\n\n\n<p>Outros dados: dados fornecidos pelos pr\u00f3prios interessados nos campos abertos dos formul\u00e1rios disponibilizados no Site ou nos documentos anexos.<\/p>\n\n\n\n<p>Dados de navega\u00e7\u00e3o.<\/p>\n\n\n\n<p>No caso de que o utilizador forne\u00e7a dados de terceiros, declara ter o seu consentimento e compromete-se a ceder-lhes a informa\u00e7\u00e3o contida na Pol\u00edtica de Privacidade, isentando FAMOSA de qualquer responsabilidade a este respeito. N\u00e3o obstante, FAMOSA poder\u00e1 realizar verifica\u00e7\u00f5es peri\u00f3dicas com o fim de comprovar este facto, adoptando as medidas de dilig\u00eancia devida correspondentes, de acordo com a normativa de prote\u00e7\u00e3o de dados.<\/p>\n\n\n\n<p><strong>6 QUAL \u00c9 A LEGITIMIDADE DO TRATAMENTO DOS DADOS DO UTILIZADOR?<\/strong><\/p>\n\n\n\n<p>O tratamento dos dados do utilizador por parte da FAMOSA baseia-se quer no consentimento solicitado e que pode ser retirado em qualquer momento, quer na sua necessidade para o cumprimento das obriga\u00e7\u00f5es da FAMOSA derivadas dos pr\u00f3prios pedidos do utilizador (por exemplo, pedidos de pe\u00e7as sobressalentes, envio de reclama\u00e7\u00f5es ou sugest\u00f5es, etc.) ou da sua participa\u00e7\u00e3o (gest\u00e3o da participa\u00e7\u00e3o do utilizador em promo\u00e7\u00f5es organizadas pela FAMOSA, etc.). No entanto, em caso de retirada do consentimento, tal n\u00e3o afectar\u00e1 a licitude do tratamento anteriormente efectuado.<\/p>\n\n\n\n<p>Os consentimentos obtidos para as finalidades anteriormente mencionadas s\u00e3o independentes, pelo que o utilizador poder\u00e1 revogar apenas um deles sem afetar os restantes.<\/p>\n\n\n\n<p>Para revogar o referido consentimento, o Utilizador poder\u00e1 contactar a FAMOSA atrav\u00e9s dos seguintes canais:<\/p>\n\n\n\n<p>Por correio postal dirigido \u00e0 aten\u00e7\u00e3o do Departamento Jur\u00eddico e de Prote\u00e7\u00e3o de Dados. Departamento Jur\u00eddico e de Prote\u00e7\u00e3o de Dados, no endere\u00e7o C\/ Mar\u00eda Tubau, 3, 28050, Madrid.<\/p>\n\n\n\n<p>Por correio eletr\u00f3nico para protecciondatos@famosa.es<\/p>\n\n\n\n<p><strong>7 COM QUE DESTINAT\u00c1RIOS SER\u00c3O PARTILHADOS OS DADOS DO UTILIZADOR?<\/strong><\/p>\n\n\n\n<p>Os dados do utilizador n\u00e3o ser\u00e3o comunicados a terceiros, salvo se a FAMOSA estiver legalmente obrigada a facultar os dados a autoridades p\u00fablicas, for\u00e7as e organismos de seguran\u00e7a, tribunais ou \u00f3rg\u00e3os jurisdicionais.<\/p>\n\n\n\n<p><strong>8 RESPONSABILIDADE DO UTILIZADOR.<\/strong><\/p>\n\n\n\n<p>O utilizador:<\/p>\n\n\n\n<p>Garante que \u00e9 maior de dezoito (18) anos de idade e que os dados que fornece \u00e0 FAMOSA s\u00e3o verdadeiros, exactos, completos e actualizados. Para estes efeitos, o utilizador \u00e9 respons\u00e1vel pela veracidade de todos os dados que forne\u00e7a e manter\u00e1 a informa\u00e7\u00e3o fornecida devidamente actualizada, de forma a que corresponda \u00e0 sua situa\u00e7\u00e3o real.<\/p>\n\n\n\n<p>Garante que informou os terceiros a quem fornece os seus dados, caso o fa\u00e7a, dos aspectos contidos neste documento. Da mesma forma, garante que obteve a autoriza\u00e7\u00e3o dos mesmos para ceder os seus dados \u00e0 FAMOSA para as finalidades anteriormente mencionadas.<\/p>\n\n\n\n<p>Ser\u00e1 respons\u00e1vel pela informa\u00e7\u00e3o falsa ou inexacta que se proporcione atrav\u00e9s da Web e pelos danos e preju\u00edzos, directos ou indirectos, que isso possa causar \u00e0 FAMOSA ou a terceiros<\/p>\n\n\n\n<p><strong>9 COMUNICA\u00c7\u00d5ES COMERCIAIS E PROMOCIONAIS.<\/strong><\/p>\n\n\n\n<p>Uma das finalidades para as quais, se for caso disso, a FAMOSA trata os dados pessoais fornecidos pelos utilizadores \u00e9 o envio de comunica\u00e7\u00f5es electr\u00f3nicas com informa\u00e7\u00e3o relativa aos seus produtos, servi\u00e7os, promo\u00e7\u00f5es, ofertas, eventos ou not\u00edcias relevantes para os utilizadores. Sempre que se envie qualquer comunica\u00e7\u00e3o deste tipo, esta ser\u00e1 dirigida \u00fanica e exclusivamente aos utilizadores que tenham dado previamente o seu consentimento para a sua rece\u00e7\u00e3o.<\/p>\n\n\n\n<p>Caso o utilizador deseje deixar de receber comunica\u00e7\u00f5es comerciais ou promocionais da FAMOSA, poder\u00e1 solicitar o cancelamento do servi\u00e7o enviando um e-mail para o seguinte endere\u00e7o eletr\u00f3nico: protecciondatos@famosa.es, ou indicando-o atrav\u00e9s da op\u00e7\u00e3o de cancelamento que se encontra em cada uma das comunica\u00e7\u00f5es comerciais enviadas.<\/p>\n\n\n\n<p><strong>10 EXERC\u00cdCIO DE DIREITOS.<\/strong><\/p>\n\n\n\n<p>O utilizador pode enviar uma carta \u00e0 FAMOSA, por qualquer um dos meios e endere\u00e7os indicados na Sec\u00e7\u00e3o 6 desta Pol\u00edtica, anexando uma fotoc\u00f3pia do seu documento de identidade, a qualquer momento e de forma gratuita, para:<\/p>\n\n\n\n<p>Revogar os consentimentos concedidos.<\/p>\n\n\n\n<p>Obter a confirma\u00e7\u00e3o de que a FAMOSA est\u00e1 ou n\u00e3o a tratar os dados pessoais do utilizador.<\/p>\n\n\n\n<p>Aceder aos seus dados pessoais.<\/p>\n\n\n\n<p>Retificar dados inexactos ou incompletos.<\/p>\n\n\n\n<p>Solicitar a supress\u00e3o dos seus dados quando, entre outros motivos, os dados j\u00e1 n\u00e3o sejam necess\u00e1rios para os fins para os quais foram recolhidos.<\/p>\n\n\n\n<p>Obter da FAMOSA a limita\u00e7\u00e3o do tratamento dos dados quando se verifique alguma das condi\u00e7\u00f5es previstas na normativa de prote\u00e7\u00e3o de dados.<\/p>\n\n\n\n<p>Obter interven\u00e7\u00e3o humana, expressar o seu ponto de vista e contestar decis\u00f5es automatizadas tomadas pela FAMOSA.<\/p>\n\n\n\n<p>Solicitar a portabilidade dos seus dados.<\/p>\n\n\n\n<p>Em qualquer caso e sem preju\u00edzo do anterior, o utilizador poder\u00e1 em qualquer momento apresentar uma reclama\u00e7\u00e3o relativa \u00e0 prote\u00e7\u00e3o dos seus dados pessoais perante a Ag\u00eancia Espanhola de Prote\u00e7\u00e3o de Dados, no endere\u00e7o Calle de Jorge Juan, 6, 28001 Madrid, quando o interessado considere que a FAMOSA violou os direitos que lhe s\u00e3o reconhecidos pela normativa aplic\u00e1vel em mat\u00e9ria de prote\u00e7\u00e3o de dados.<\/p>\n\n\n\n<p><strong>11 MEDIDAS DE SEGURAN\u00c7A<\/strong>.<\/p>\n\n\n\n<p>A FAMOSA tratar\u00e1 os dados do utilizador em todo o momento de forma absolutamente confidencial e manter\u00e1 o dever obrigat\u00f3rio de sigilo em rela\u00e7\u00e3o aos mesmos, de acordo com o disposto na regulamenta\u00e7\u00e3o aplic\u00e1vel, adoptando para o efeito as medidas t\u00e9cnicas e organizativas necess\u00e1rias que garantam a seguran\u00e7a dos seus dados e evitem a sua altera\u00e7\u00e3o, perda, tratamento ou acesso n\u00e3o autorizado, tendo em conta o estado da tecnologia, a natureza dos dados armazenados e os riscos a que est\u00e3o expostos.<\/p>\n\n\n\n<p><strong>COOKIES<\/strong><\/p>\n\n\n\n<p>Informa\u00e7\u00f5es sobre cookies.<\/p>\n\n\n\n<p>Os cookies s\u00e3o pequenos fragmentos de informa\u00e7\u00e3o que s\u00e3o enviados para o computador ou dispositivo m\u00f3vel do utilizador quando este visita um s\u00edtio Web (&#8220;s\u00edtio&#8221;). Os cookies s\u00e3o enviados de volta para o s\u00edtio de origem em cada visita subsequente ou para outro s\u00edtio que reconhe\u00e7a esse cookie.<\/p>\n\n\n\n<p>Os cookies s\u00e3o \u00fateis porque permitem que um site reconhe\u00e7a o dispositivo de um utilizador, permitindo-lhe navegar eficazmente pelas p\u00e1ginas, recordar as suas prefer\u00eancias e, de um modo geral, melhorar a experi\u00eancia do utilizador.<\/p>\n\n\n\n<p>Alguns dos cookies emitidos pelo servidor Web duram apenas a dura\u00e7\u00e3o da sess\u00e3o Web e expiram quando o browser \u00e9 fechado.<\/p>\n\n\n\n<p>Outros cookies s\u00e3o utilizados para recordar o utilizador quando este regressa a um s\u00edtio e t\u00eam uma dura\u00e7\u00e3o mais longa.<\/p>\n\n\n\n<p>A maioria dos navegadores Web aceita automaticamente os cookies. Pode alterar as defini\u00e7\u00f5es do seu navegador para impedir ou notific\u00e1-lo sempre que um cookie \u00e9 definido.<\/p>\n\n\n\n<p>Pode obter mais informa\u00e7\u00f5es sobre cookies, incluindo a forma de ver que cookies foram instalados no seu dispositivo e como geri-los ou elimin\u00e1-los utilizando diferentes tipos de browsers, em: www.allaboutcookies.org.<\/p>\n\n\n\n<p>A possibilidade de ativar, desativar ou eliminar cookies tamb\u00e9m pode ocorrer ao n\u00edvel do navegador Web. Para o fazer, siga as instru\u00e7\u00f5es fornecidas pelo seu browser (normalmente localizadas nas op\u00e7\u00f5es &#8220;Ajuda&#8221;, &#8220;Ferramentas&#8221; ou &#8220;Editar&#8221;). A desativa\u00e7\u00e3o de um cookie ou de uma categoria de cookies n\u00e3o elimina o cookie do navegador, pelo que ter\u00e1 de o fazer manualmente no navegador.<\/p>\n\n\n\n<p>Ao bloquear ou eliminar os cookies utilizados pela FAMOSA, o utilizador pode n\u00e3o conseguir tirar o m\u00e1ximo partido das funcionalidades do s\u00edtio Web.<\/p>\n\n\n\n<p><strong>Legisla\u00e7\u00e3o<\/strong><\/p>\n\n\n\n<p>Esta pol\u00edtica de privacidade e prote\u00e7\u00e3o de dados pessoais \u00e9 regida pela legisla\u00e7\u00e3o espanhola.<\/p>\n","protected":false},"excerpt":{"rendered":"<p>1 IDENTIFICA\u00c7\u00c3O Nome: F\u00c1BRICAS AGRUPADAS DE MU\u00d1ECAS DE ONIL, S.A. (em seguida, &#8220;FAMOSA&#8221;).NIF: A-84392596Endere\u00e7o comercial: C\/ Del Franco s\/n, Pol\u00edgono Industrial &#8220;Las Atalayas&#8221;, 03114 Alicante.2 INFORMA\u00c7\u00c3O E CONSENTIMENTO Atrav\u00e9s da presente Pol\u00edtica de Privacidade, o utilizador fica devidamente informado de que consente, de forma livre, espec\u00edfica e inequ\u00edvoca, que os seus dados pessoais que tenha [&hellip;]<\/p>\n","protected":false},"author":1,"featured_media":0,"parent":0,"menu_order":4,"comment_status":"closed","ping_status":"open","template":"","meta":{"footnotes":""},"class_list":["post-2","page","type-page","status-publish","hentry"],"acf":[],"yoast_head":"<!-- This site is optimized with the Yoast SEO plugin v20.13 - https:\/\/yoast.com\/wordpress\/plugins\/seo\/ -->\n<title>Pol\u00edtica de privacidade - Swap Riders PT<\/title>\n<meta name=\"robots\" content=\"index, follow, max-snippet:-1, max-image-preview:large, max-video-preview:-1\" \/>\n<link rel=\"canonical\" href=\"https:\/\/swapriders.es\/pt\/politica-de-privacidad\/\" \/>\n<meta property=\"og:locale\" content=\"pt_PT\" \/>\n<meta property=\"og:type\" content=\"article\" \/>\n<meta property=\"og:title\" content=\"Pol\u00edtica de privacidade - Swap Riders PT\" \/>\n<meta property=\"og:description\" content=\"1 IDENTIFICA\u00c7\u00c3O Nome: F\u00c1BRICAS AGRUPADAS DE MU\u00d1ECAS DE ONIL, S.A. (em seguida, &#8220;FAMOSA&#8221;).NIF: A-84392596Endere\u00e7o comercial: C\/ Del Franco s\/n, Pol\u00edgono Industrial &#8220;Las Atalayas&#8221;, 03114 Alicante.2 INFORMA\u00c7\u00c3O E CONSENTIMENTO Atrav\u00e9s da presente Pol\u00edtica de Privacidade, o utilizador fica devidamente informado de que consente, de forma livre, espec\u00edfica e inequ\u00edvoca, que os seus dados pessoais que tenha [&hellip;]\" \/>\n<meta property=\"og:url\" content=\"https:\/\/swapriders.es\/pt\/politica-de-privacidad\/\" \/>\n<meta property=\"og:site_name\" content=\"Swap Riders PT\" \/>\n<meta property=\"article:modified_time\" content=\"2023-08-09T15:34:53+00:00\" \/>\n<meta name=\"twitter:card\" content=\"summary_large_image\" \/>\n<meta name=\"twitter:label1\" content=\"Tempo estimado de leitura\" \/>\n\t<meta name=\"twitter:data1\" content=\"9 minutos\" \/>\n<script type=\"application\/ld+json\" class=\"yoast-schema-graph\">{\"@context\":\"https:\/\/schema.org\",\"@graph\":[{\"@type\":\"WebPage\",\"@id\":\"https:\/\/swapriders.es\/pt\/politica-de-privacidad\/\",\"url\":\"https:\/\/swapriders.es\/pt\/politica-de-privacidad\/\",\"name\":\"Pol\u00edtica de privacidade - Swap Riders PT\",\"isPartOf\":{\"@id\":\"https:\/\/swapriders.es\/pt\/#website\"},\"datePublished\":\"2023-06-25T08:43:44+00:00\",\"dateModified\":\"2023-08-09T15:34:53+00:00\",\"breadcrumb\":{\"@id\":\"https:\/\/swapriders.es\/pt\/politica-de-privacidad\/#breadcrumb\"},\"inLanguage\":\"pt-PT\",\"potentialAction\":[{\"@type\":\"ReadAction\",\"target\":[\"https:\/\/swapriders.es\/pt\/politica-de-privacidad\/\"]}]},{\"@type\":\"BreadcrumbList\",\"@id\":\"https:\/\/swapriders.es\/pt\/politica-de-privacidad\/#breadcrumb\",\"itemListElement\":[{\"@type\":\"ListItem\",\"position\":1,\"name\":\"Portada\",\"item\":\"https:\/\/swapriders.es\/pt\/\"},{\"@type\":\"ListItem\",\"position\":2,\"name\":\"Pol\u00edtica de privacidade\"}]},{\"@type\":\"WebSite\",\"@id\":\"https:\/\/swapriders.es\/pt\/#website\",\"url\":\"https:\/\/swapriders.es\/pt\/\",\"name\":\"Swap Riders PT\",\"description\":\"Los Swap Riders est\u00e1n siempre listos para la carrera porque no necesitan pilas, as\u00ed que puedes preparar carreras bestiales con todos los Swap Riders en cualquier momento y lugar. \u00bfQui\u00e9n ganar\u00e1 la carrera?\",\"publisher\":{\"@id\":\"https:\/\/swapriders.es\/pt\/#organization\"},\"potentialAction\":[{\"@type\":\"SearchAction\",\"target\":{\"@type\":\"EntryPoint\",\"urlTemplate\":\"https:\/\/swapriders.es\/pt\/?s={search_term_string}\"},\"query-input\":\"required name=search_term_string\"}],\"inLanguage\":\"pt-PT\"},{\"@type\":\"Organization\",\"@id\":\"https:\/\/swapriders.es\/pt\/#organization\",\"name\":\"Swap Riders PT\",\"url\":\"https:\/\/swapriders.es\/pt\/\",\"logo\":{\"@type\":\"ImageObject\",\"inLanguage\":\"pt-PT\",\"@id\":\"https:\/\/swapriders.es\/pt\/#\/schema\/logo\/image\/\",\"url\":\"https:\/\/swapriders.es\/pt\/wp-content\/uploads\/sites\/3\/2023\/06\/cropped-favicon.png\",\"contentUrl\":\"https:\/\/swapriders.es\/pt\/wp-content\/uploads\/sites\/3\/2023\/06\/cropped-favicon.png\",\"width\":256,\"height\":256,\"caption\":\"Swap Riders PT\"},\"image\":{\"@id\":\"https:\/\/swapriders.es\/pt\/#\/schema\/logo\/image\/\"}}]}<\/script>\n<!-- \/ Yoast SEO plugin. -->","yoast_head_json":{"title":"Pol\u00edtica de privacidade - Swap Riders PT","robots":{"index":"index","follow":"follow","max-snippet":"max-snippet:-1","max-image-preview":"max-image-preview:large","max-video-preview":"max-video-preview:-1"},"canonical":"https:\/\/swapriders.es\/pt\/politica-de-privacidad\/","og_locale":"pt_PT","og_type":"article","og_title":"Pol\u00edtica de privacidade - Swap Riders PT","og_description":"1 IDENTIFICA\u00c7\u00c3O Nome: F\u00c1BRICAS AGRUPADAS DE MU\u00d1ECAS DE ONIL, S.A. (em seguida, &#8220;FAMOSA&#8221;).NIF: A-84392596Endere\u00e7o comercial: C\/ Del Franco s\/n, Pol\u00edgono Industrial &#8220;Las Atalayas&#8221;, 03114 Alicante.2 INFORMA\u00c7\u00c3O E CONSENTIMENTO Atrav\u00e9s da presente Pol\u00edtica de Privacidade, o utilizador fica devidamente informado de que consente, de forma livre, espec\u00edfica e inequ\u00edvoca, que os seus dados pessoais que tenha [&hellip;]","og_url":"https:\/\/swapriders.es\/pt\/politica-de-privacidad\/","og_site_name":"Swap Riders PT","article_modified_time":"2023-08-09T15:34:53+00:00","twitter_card":"summary_large_image","twitter_misc":{"Tempo estimado de leitura":"9 minutos"},"schema":{"@context":"https:\/\/schema.org","@graph":[{"@type":"WebPage","@id":"https:\/\/swapriders.es\/pt\/politica-de-privacidad\/","url":"https:\/\/swapriders.es\/pt\/politica-de-privacidad\/","name":"Pol\u00edtica de privacidade - Swap Riders PT","isPartOf":{"@id":"https:\/\/swapriders.es\/pt\/#website"},"datePublished":"2023-06-25T08:43:44+00:00","dateModified":"2023-08-09T15:34:53+00:00","breadcrumb":{"@id":"https:\/\/swapriders.es\/pt\/politica-de-privacidad\/#breadcrumb"},"inLanguage":"pt-PT","potentialAction":[{"@type":"ReadAction","target":["https:\/\/swapriders.es\/pt\/politica-de-privacidad\/"]}]},{"@type":"BreadcrumbList","@id":"https:\/\/swapriders.es\/pt\/politica-de-privacidad\/#breadcrumb","itemListElement":[{"@type":"ListItem","position":1,"name":"Portada","item":"https:\/\/swapriders.es\/pt\/"},{"@type":"ListItem","position":2,"name":"Pol\u00edtica de privacidade"}]},{"@type":"WebSite","@id":"https:\/\/swapriders.es\/pt\/#website","url":"https:\/\/swapriders.es\/pt\/","name":"Swap Riders PT","description":"Los Swap Riders est\u00e1n siempre listos para la carrera porque no necesitan pilas, as\u00ed que puedes preparar carreras bestiales con todos los Swap Riders en cualquier momento y lugar. \u00bfQui\u00e9n ganar\u00e1 la carrera?","publisher":{"@id":"https:\/\/swapriders.es\/pt\/#organization"},"potentialAction":[{"@type":"SearchAction","target":{"@type":"EntryPoint","urlTemplate":"https:\/\/swapriders.es\/pt\/?s={search_term_string}"},"query-input":"required name=search_term_string"}],"inLanguage":"pt-PT"},{"@type":"Organization","@id":"https:\/\/swapriders.es\/pt\/#organization","name":"Swap Riders PT","url":"https:\/\/swapriders.es\/pt\/","logo":{"@type":"ImageObject","inLanguage":"pt-PT","@id":"https:\/\/swapriders.es\/pt\/#\/schema\/logo\/image\/","url":"https:\/\/swapriders.es\/pt\/wp-content\/uploads\/sites\/3\/2023\/06\/cropped-favicon.png","contentUrl":"https:\/\/swapriders.es\/pt\/wp-content\/uploads\/sites\/3\/2023\/06\/cropped-favicon.png","width":256,"height":256,"caption":"Swap Riders PT"},"image":{"@id":"https:\/\/swapriders.es\/pt\/#\/schema\/logo\/image\/"}}]}},"_links":{"self":[{"href":"https:\/\/swapriders.es\/pt\/wp-json\/wp\/v2\/pages\/2"}],"collection":[{"href":"https:\/\/swapriders.es\/pt\/wp-json\/wp\/v2\/pages"}],"about":[{"href":"https:\/\/swapriders.es\/pt\/wp-json\/wp\/v2\/types\/page"}],"author":[{"embeddable":true,"href":"https:\/\/swapriders.es\/pt\/wp-json\/wp\/v2\/users\/1"}],"replies":[{"embeddable":true,"href":"https:\/\/swapriders.es\/pt\/wp-json\/wp\/v2\/comments?post=2"}],"version-history":[{"count":4,"href":"https:\/\/swapriders.es\/pt\/wp-json\/wp\/v2\/pages\/2\/revisions"}],"predecessor-version":[{"id":373,"href":"https:\/\/swapriders.es\/pt\/wp-json\/wp\/v2\/pages\/2\/revisions\/373"}],"wp:attachment":[{"href":"https:\/\/swapriders.es\/pt\/wp-json\/wp\/v2\/media?parent=2"}],"curies":[{"name":"wp","href":"https:\/\/api.w.org\/{rel}","templated":true}]}}